{"id":2717,"date":"2023-02-08T16:06:49","date_gmt":"2023-02-08T13:06:49","guid":{"rendered":"https:\/\/torglobal.com.tr\/completed-projects\/"},"modified":"2025-01-06T16:10:48","modified_gmt":"2025-01-06T13:10:48","slug":"completed-projects","status":"publish","type":"page","link":"https:\/\/torglobal.com.tr\/en\/completed-projects\/","title":{"rendered":"Completed Projects"},"content":{"rendered":"\t\t<div data-elementor-type=\"wp-page\" data-elementor-id=\"2717\" class=\"elementor elementor-2717 elementor-2242\">\n\t\t\t\t\t\t<section class=\"elementor-section elementor-top-section elementor-element elementor-element-ab9d0ae elementor-section-os-boxed elementor-section-height-default elementor-section-height-default\" data-id=\"ab9d0ae\" data-element_type=\"section\">\n\t\t\t\t\t\t<div class=\"elementor-container elementor-column-gap-30\">\n\t\t\t\t\t<div class=\"elementor-column elementor-col-100 elementor-top-column elementor-element elementor-element-854c314\" data-id=\"854c314\" data-element_type=\"column\">\n\t\t\t<div class=\"elementor-widget-wrap elementor-element-populated\">\n\t\t\t\t\t\t<div class=\"elementor-element elementor-element-1e57699 elementor-widget elementor-widget-os-heading-title\" data-id=\"1e57699\" data-element_type=\"widget\" data-widget_type=\"os-heading-title.default\">\n\t\t\t\t<div class=\"elementor-widget-container\">\n\t\t\t\n<div class=\"os-heading os-heading-s1 -text-left\">\n\n            <h3 class=\"os-heading__sub-title -d-inline-flex -vertical-center -mb-15 -mb-md-20\">Our Projects<\/h3>\n    \n            <h2 class=\"os-heading__title -mb-20\">Completed Projects<\/h2>\n    \n    \n<\/div>\t\t<\/div>\n\t\t\t\t<\/div>\n\t\t\t\t\t<\/div>\n\t\t<\/div>\n\t\t\t\t\t<\/div>\n\t\t<\/section>\n\t\t\t\t<section class=\"elementor-section elementor-top-section elementor-element elementor-element-d26f9d4 elementor-section-os-boxed elementor-section-height-default elementor-section-height-default\" data-id=\"d26f9d4\" data-element_type=\"section\">\n\t\t\t\t\t\t<div class=\"elementor-container elementor-column-gap-30\">\n\t\t\t\t\t<div class=\"elementor-column elementor-col-100 elementor-top-column elementor-element elementor-element-7112b5d\" data-id=\"7112b5d\" data-element_type=\"column\">\n\t\t\t<div class=\"elementor-widget-wrap elementor-element-populated\">\n\t\t\t\t\t\t<div class=\"elementor-element elementor-element-f558f2b elementor-widget elementor-widget-os-project-grid\" data-id=\"f558f2b\" data-element_type=\"widget\" data-widget_type=\"os-project-grid.default\">\n\t\t\t\t<div class=\"elementor-widget-container\">\n\t\t\t\n        <div class=\"os-poli-grid os-poli-grid-s1\">\n\n            <div class=\"row gy-30 gx-30\">\n\n                \n                    <div class=\"col-12 col-xl-4\">\n                    \n                        <article class=\"os-project os-project-s1 -pos-relative post-2824 project type-project status-publish has-post-thumbnail hentry project_type-completed-projects project_location-beylikduzu-en project_location-istanbul-en\">\n\n            <a class=\"os-project__thumbnail -img-hover-zoom -d-block -pos-relative os-cover-img\" href=\"https:\/\/torglobal.com.tr\/en\/project\/tor-beylikduzu\/\">\n            <img fetchpriority=\"high\" decoding=\"async\" width=\"2560\" height=\"1703\" src=\"https:\/\/torglobal.com.tr\/wp-content\/uploads\/2021\/05\/Outdoor13-scaled.jpg\" class=\"attachment-full size-full wp-image-2569\" alt=\"\" srcset=\"https:\/\/torglobal.com.tr\/wp-content\/uploads\/2021\/05\/Outdoor13-scaled.jpg 2560w, https:\/\/torglobal.com.tr\/wp-content\/uploads\/2021\/05\/Outdoor13-300x200.jpg 300w, https:\/\/torglobal.com.tr\/wp-content\/uploads\/2021\/05\/Outdoor13-1024x681.jpg 1024w, https:\/\/torglobal.com.tr\/wp-content\/uploads\/2021\/05\/Outdoor13-1536x1022.jpg 1536w, https:\/\/torglobal.com.tr\/wp-content\/uploads\/2021\/05\/Outdoor13-2048x1363.jpg 2048w\" sizes=\"(max-width: 2560px) 100vw, 2560px\" \/>        <\/a>\n    \n    <div class=\"os-project__entry -pos-relative\">\n\n        <h2 class=\"os-project__title\"><a href=\"https:\/\/torglobal.com.tr\/en\/project\/tor-beylikduzu\/\" class=\"c-hover-primary\" title=\"Tor Beylikd\u00fcz\u00fc\">Tor Beylikd\u00fcz\u00fc<\/a><\/h2>\n\n        \n                    <div class=\"os-project__text\">Beylikd\u00fcz\u00fc, \u0130stanbul<\/div>\n        \n        \n        \n    <\/div>\n\n<\/article>\n                    <\/div>\n\n                \n                    <div class=\"col-12 col-xl-4\">\n                    \n                        <article class=\"os-project os-project-s1 -pos-relative post-2835 project type-project status-publish has-post-thumbnail hentry project_type-completed-projects project_location-beylikduzu-en project_location-istanbul-en\">\n\n            <a class=\"os-project__thumbnail -img-hover-zoom -d-block -pos-relative os-cover-img\" href=\"https:\/\/torglobal.com.tr\/en\/project\/aqua-kavakli\/\">\n            <img decoding=\"async\" width=\"1920\" height=\"1081\" src=\"https:\/\/torglobal.com.tr\/wp-content\/uploads\/2021\/09\/aquakavakli.jpg\" class=\"attachment-full size-full wp-image-2557\" alt=\"\" srcset=\"https:\/\/torglobal.com.tr\/wp-content\/uploads\/2021\/09\/aquakavakli.jpg 1920w, https:\/\/torglobal.com.tr\/wp-content\/uploads\/2021\/09\/aquakavakli-300x169.jpg 300w, https:\/\/torglobal.com.tr\/wp-content\/uploads\/2021\/09\/aquakavakli-1024x577.jpg 1024w, https:\/\/torglobal.com.tr\/wp-content\/uploads\/2021\/09\/aquakavakli-1536x865.jpg 1536w\" sizes=\"(max-width: 1920px) 100vw, 1920px\" \/>        <\/a>\n    \n    <div class=\"os-project__entry -pos-relative\">\n\n        <h2 class=\"os-project__title\"><a href=\"https:\/\/torglobal.com.tr\/en\/project\/aqua-kavakli\/\" class=\"c-hover-primary\" title=\"Aqua Kavakl\u0131\">Aqua Kavakl\u0131<\/a><\/h2>\n\n        \n                    <div class=\"os-project__text\">Beylikd\u00fcz\u00fc, \u0130stanbul<\/div>\n        \n        \n        \n    <\/div>\n\n<\/article>\n                    <\/div>\n\n                \n                    <div class=\"col-12 col-xl-4\">\n                    \n                        <article class=\"os-project os-project-s1 -pos-relative post-2832 project type-project status-publish has-post-thumbnail hentry project_type-completed-projects project_location-esenyurt-istanbul-en project_location-istanbul-en\">\n\n            <a class=\"os-project__thumbnail -img-hover-zoom -d-block -pos-relative os-cover-img\" href=\"https:\/\/torglobal.com.tr\/en\/project\/terrace-mix\/\">\n            <img decoding=\"async\" width=\"1920\" height=\"1080\" src=\"https:\/\/torglobal.com.tr\/wp-content\/uploads\/2022\/02\/10459007_466884530140156_211201365899502899_o.jpeg\" class=\"attachment-full size-full wp-image-2583\" alt=\"\" srcset=\"https:\/\/torglobal.com.tr\/wp-content\/uploads\/2022\/02\/10459007_466884530140156_211201365899502899_o.jpeg 1920w, https:\/\/torglobal.com.tr\/wp-content\/uploads\/2022\/02\/10459007_466884530140156_211201365899502899_o-300x169.jpeg 300w, https:\/\/torglobal.com.tr\/wp-content\/uploads\/2022\/02\/10459007_466884530140156_211201365899502899_o-1024x576.jpeg 1024w, https:\/\/torglobal.com.tr\/wp-content\/uploads\/2022\/02\/10459007_466884530140156_211201365899502899_o-1536x864.jpeg 1536w\" sizes=\"(max-width: 1920px) 100vw, 1920px\" \/>        <\/a>\n    \n    <div class=\"os-project__entry -pos-relative\">\n\n        <h2 class=\"os-project__title\"><a href=\"https:\/\/torglobal.com.tr\/en\/project\/terrace-mix\/\" class=\"c-hover-primary\" title=\"Terrace Mix\">Terrace Mix<\/a><\/h2>\n\n        \n                    <div class=\"os-project__text\">Esenyurt, \u0130stanbul<\/div>\n        \n        \n        \n    <\/div>\n\n<\/article>\n                    <\/div>\n\n                \n                    <div class=\"col-12 col-xl-4\">\n                    \n                        <article class=\"os-project os-project-s1 -pos-relative post-2831 project type-project status-publish has-post-thumbnail hentry project_type-completed-projects project_location-istanbul-en project_location-sirkeci-en\">\n\n            <a class=\"os-project__thumbnail -img-hover-zoom -d-block -pos-relative os-cover-img\" href=\"https:\/\/torglobal.com.tr\/en\/project\/grand-sirkeci-hotel\/\">\n            <img loading=\"lazy\" decoding=\"async\" width=\"2560\" height=\"1440\" src=\"https:\/\/torglobal.com.tr\/wp-content\/uploads\/2022\/02\/DSC05708-min-scaled.jpg\" class=\"attachment-full size-full wp-image-2585\" alt=\"\" srcset=\"https:\/\/torglobal.com.tr\/wp-content\/uploads\/2022\/02\/DSC05708-min-scaled.jpg 2560w, https:\/\/torglobal.com.tr\/wp-content\/uploads\/2022\/02\/DSC05708-min-300x169.jpg 300w, https:\/\/torglobal.com.tr\/wp-content\/uploads\/2022\/02\/DSC05708-min-1024x576.jpg 1024w, https:\/\/torglobal.com.tr\/wp-content\/uploads\/2022\/02\/DSC05708-min-1536x864.jpg 1536w, https:\/\/torglobal.com.tr\/wp-content\/uploads\/2022\/02\/DSC05708-min-2048x1152.jpg 2048w\" sizes=\"(max-width: 2560px) 100vw, 2560px\" \/>        <\/a>\n    \n    <div class=\"os-project__entry -pos-relative\">\n\n        <h2 class=\"os-project__title\"><a href=\"https:\/\/torglobal.com.tr\/en\/project\/grand-sirkeci-hotel\/\" class=\"c-hover-primary\" title=\"Grand Sirkeci Hotel\">Grand Sirkeci Hotel<\/a><\/h2>\n\n        \n                    <div class=\"os-project__text\">\u0130stanbul, Sirkeci<\/div>\n        \n        \n        \n    <\/div>\n\n<\/article>\n                    <\/div>\n\n                \n                    <div class=\"col-12 col-xl-4\">\n                    \n                        <article class=\"os-project os-project-s1 -pos-relative post-2826 project type-project status-publish has-post-thumbnail hentry project_type-completed-projects project_location-esenyurt-istanbul-en project_location-istanbul-en\">\n\n            <a class=\"os-project__thumbnail -img-hover-zoom -d-block -pos-relative os-cover-img\" href=\"https:\/\/torglobal.com.tr\/en\/project\/new-residence\/\">\n            <img loading=\"lazy\" decoding=\"async\" width=\"1200\" height=\"998\" src=\"https:\/\/torglobal.com.tr\/wp-content\/uploads\/2022\/02\/1710939455784new-residence-5.jpg\" class=\"attachment-full size-full wp-image-2840\" alt=\"\" srcset=\"https:\/\/torglobal.com.tr\/wp-content\/uploads\/2022\/02\/1710939455784new-residence-5.jpg 1200w, https:\/\/torglobal.com.tr\/wp-content\/uploads\/2022\/02\/1710939455784new-residence-5-300x250.jpg 300w, https:\/\/torglobal.com.tr\/wp-content\/uploads\/2022\/02\/1710939455784new-residence-5-1024x852.jpg 1024w, https:\/\/torglobal.com.tr\/wp-content\/uploads\/2022\/02\/1710939455784new-residence-5-120x100.jpg 120w\" sizes=\"(max-width: 1200px) 100vw, 1200px\" \/>        <\/a>\n    \n    <div class=\"os-project__entry -pos-relative\">\n\n        <h2 class=\"os-project__title\"><a href=\"https:\/\/torglobal.com.tr\/en\/project\/new-residence\/\" class=\"c-hover-primary\" title=\"New Residence\">New Residence<\/a><\/h2>\n\n        \n                    <div class=\"os-project__text\">Esenyurt, \u0130stanbul<\/div>\n        \n        \n        \n    <\/div>\n\n<\/article>\n                    <\/div>\n\n                \n                    <div class=\"col-12 col-xl-4\">\n                    \n                        <article class=\"os-project os-project-s1 -pos-relative post-2821 project type-project status-publish has-post-thumbnail hentry project_type-completed-projects project_location-esenyurt-istanbul-en project_location-istanbul-en\">\n\n            <a class=\"os-project__thumbnail -img-hover-zoom -d-block -pos-relative os-cover-img\" href=\"https:\/\/torglobal.com.tr\/en\/project\/aris-grand-tower\/\">\n            <img loading=\"lazy\" decoding=\"async\" width=\"2560\" height=\"1920\" src=\"https:\/\/torglobal.com.tr\/wp-content\/uploads\/2022\/03\/Aris-Grand-Tower6-scaled.jpg\" class=\"attachment-full size-full wp-image-2602\" alt=\"\" srcset=\"https:\/\/torglobal.com.tr\/wp-content\/uploads\/2022\/03\/Aris-Grand-Tower6-scaled.jpg 2560w, https:\/\/torglobal.com.tr\/wp-content\/uploads\/2022\/03\/Aris-Grand-Tower6-300x225.jpg 300w, https:\/\/torglobal.com.tr\/wp-content\/uploads\/2022\/03\/Aris-Grand-Tower6-1024x768.jpg 1024w, https:\/\/torglobal.com.tr\/wp-content\/uploads\/2022\/03\/Aris-Grand-Tower6-1536x1152.jpg 1536w, https:\/\/torglobal.com.tr\/wp-content\/uploads\/2022\/03\/Aris-Grand-Tower6-2048x1536.jpg 2048w\" sizes=\"(max-width: 2560px) 100vw, 2560px\" \/>        <\/a>\n    \n    <div class=\"os-project__entry -pos-relative\">\n\n        <h2 class=\"os-project__title\"><a href=\"https:\/\/torglobal.com.tr\/en\/project\/aris-grand-tower\/\" class=\"c-hover-primary\" title=\"Aris Grand Tower\">Aris Grand Tower<\/a><\/h2>\n\n        \n                    <div class=\"os-project__text\">Esenyurt, \u0130stanbul<\/div>\n        \n        \n        \n    <\/div>\n\n<\/article>\n                    <\/div>\n\n                \n                    <div class=\"col-12 col-xl-4\">\n                    \n                        <article class=\"os-project os-project-s1 -pos-relative post-2825 project type-project status-publish has-post-thumbnail hentry project_type-completed-projects project_location-cekmekoy-en project_location-istanbul-en\">\n\n            <a class=\"os-project__thumbnail -img-hover-zoom -d-block -pos-relative os-cover-img\" href=\"https:\/\/torglobal.com.tr\/en\/project\/terrace-koru\/\">\n            <img loading=\"lazy\" decoding=\"async\" width=\"1300\" height=\"731\" src=\"https:\/\/torglobal.com.tr\/wp-content\/uploads\/2022\/03\/terrace-koru1.jpg\" class=\"attachment-full size-full wp-image-2603\" alt=\"\" srcset=\"https:\/\/torglobal.com.tr\/wp-content\/uploads\/2022\/03\/terrace-koru1.jpg 1300w, https:\/\/torglobal.com.tr\/wp-content\/uploads\/2022\/03\/terrace-koru1-300x169.jpg 300w, https:\/\/torglobal.com.tr\/wp-content\/uploads\/2022\/03\/terrace-koru1-1024x576.jpg 1024w\" sizes=\"(max-width: 1300px) 100vw, 1300px\" \/>        <\/a>\n    \n    <div class=\"os-project__entry -pos-relative\">\n\n        <h2 class=\"os-project__title\"><a href=\"https:\/\/torglobal.com.tr\/en\/project\/terrace-koru\/\" class=\"c-hover-primary\" title=\"Terrace Koru\">Terrace Koru<\/a><\/h2>\n\n        \n                    <div class=\"os-project__text\">\u00c7ekmek\u00f6y, \u0130stanbul<\/div>\n        \n        \n        \n    <\/div>\n\n<\/article>\n                    <\/div>\n\n                \n                    <div class=\"col-12 col-xl-4\">\n                    \n                        <article class=\"os-project os-project-s1 -pos-relative post-2834 project type-project status-publish has-post-thumbnail hentry project_type-completed-projects project_location-istanbul-en project_location-sariyer-en\">\n\n            <a class=\"os-project__thumbnail -img-hover-zoom -d-block -pos-relative os-cover-img\" href=\"https:\/\/torglobal.com.tr\/en\/project\/fema-garden\/\">\n            <img loading=\"lazy\" decoding=\"async\" width=\"1280\" height=\"717\" src=\"https:\/\/torglobal.com.tr\/wp-content\/uploads\/2022\/03\/fema02.png\" class=\"attachment-full size-full wp-image-2620\" alt=\"\" srcset=\"https:\/\/torglobal.com.tr\/wp-content\/uploads\/2022\/03\/fema02.png 1280w, https:\/\/torglobal.com.tr\/wp-content\/uploads\/2022\/03\/fema02-300x168.png 300w, https:\/\/torglobal.com.tr\/wp-content\/uploads\/2022\/03\/fema02-1024x574.png 1024w\" sizes=\"(max-width: 1280px) 100vw, 1280px\" \/>        <\/a>\n    \n    <div class=\"os-project__entry -pos-relative\">\n\n        <h2 class=\"os-project__title\"><a href=\"https:\/\/torglobal.com.tr\/en\/project\/fema-garden\/\" class=\"c-hover-primary\" title=\"Fema Garden\">Fema Garden<\/a><\/h2>\n\n        \n                    <div class=\"os-project__text\">\u0130stanbul, Sar\u0131yer<\/div>\n        \n        \n        \n    <\/div>\n\n<\/article>\n                    <\/div>\n\n                \n            <\/div>\n\n        <\/div>\n        \n        \t\t<\/div>\n\t\t\t\t<\/div>\n\t\t\t\t\t<\/div>\n\t\t<\/div>\n\t\t\t\t\t<\/div>\n\t\t<\/section>\n\t\t\t\t<\/div>\n\t\t","protected":false},"excerpt":{"rendered":"<p>Our Projects Completed Projects Tor Beylikduzu Beylikd\u00fcz\u00fc, \u0130stanbul Aqua Kavakl\u0131 Beylikd\u00fcz\u00fc, \u0130stanbul Terrace Mix Esenyurt, \u0130stanbul Grand Sirkeci Hotel \u0130stanbul, Sirkeci New Residence Esenyurt, \u0130stanbul Aris Grand Tower Esenyurt, \u0130stanbul Terrace Koru \u00c7ekmek\u00f6y, \u0130stanbul Fema Garden \u0130stanbul, Sar\u0131yer<\/p>\n","protected":false},"author":3,"featured_media":0,"parent":0,"menu_order":0,"comment_status":"closed","ping_status":"closed","template":"templates\/page-elementor.php","meta":{"footnotes":""},"class_list":["post-2717","page","type-page","status-publish","hentry"],"yoast_head":"<!-- This site is optimized with the Yoast SEO plugin v22.2 - https:\/\/yoast.com\/wordpress\/plugins\/seo\/ -->\n<title>Completed Projects - Tor Global<\/title>\n<meta name=\"description\" content=\"Tor Global continues to add new projects to its deep-rooted experience in the sector. Visit the page for our completed projects.\" \/>\n<meta name=\"robots\" content=\"index, follow, max-snippet:-1, max-image-preview:large, max-video-preview:-1\" \/>\n<link rel=\"canonical\" href=\"https:\/\/torglobal.com.tr\/en\/completed-projects\/\" \/>\n<meta property=\"og:locale\" content=\"en_US\" \/>\n<meta property=\"og:type\" content=\"article\" \/>\n<meta property=\"og:title\" content=\"Completed Projects - Tor Global\" \/>\n<meta property=\"og:description\" content=\"Tor Global continues to add new projects to its deep-rooted experience in the sector. Visit the page for our completed projects.\" \/>\n<meta property=\"og:url\" content=\"https:\/\/torglobal.com.tr\/en\/completed-projects\/\" \/>\n<meta property=\"og:site_name\" content=\"Tor Global\" \/>\n<meta property=\"article:publisher\" content=\"https:\/\/www.facebook.com\/toryapiofficial\" \/>\n<meta property=\"article:modified_time\" content=\"2025-01-06T13:10:48+00:00\" \/>\n<meta property=\"og:image\" content=\"https:\/\/torglobal.com.tr\/wp-content\/uploads\/2021\/05\/Outdoor13-scaled.jpg\" \/>\n<meta name=\"twitter:card\" content=\"summary_large_image\" \/>\n<meta name=\"twitter:label1\" content=\"Est. reading time\" \/>\n\t<meta name=\"twitter:data1\" content=\"2 minutes\" \/>\n<script type=\"application\/ld+json\" class=\"yoast-schema-graph\">{\"@context\":\"https:\/\/schema.org\",\"@graph\":[{\"@type\":\"WebPage\",\"@id\":\"https:\/\/torglobal.com.tr\/en\/completed-projects\/\",\"url\":\"https:\/\/torglobal.com.tr\/en\/completed-projects\/\",\"name\":\"Completed Projects - Tor Global\",\"isPartOf\":{\"@id\":\"https:\/\/torglobal.com.tr\/en\/#website\"},\"primaryImageOfPage\":{\"@id\":\"https:\/\/torglobal.com.tr\/en\/completed-projects\/#primaryimage\"},\"image\":{\"@id\":\"https:\/\/torglobal.com.tr\/en\/completed-projects\/#primaryimage\"},\"thumbnailUrl\":\"https:\/\/torglobal.com.tr\/wp-content\/uploads\/2021\/05\/Outdoor13-scaled.jpg\",\"datePublished\":\"2023-02-08T13:06:49+00:00\",\"dateModified\":\"2025-01-06T13:10:48+00:00\",\"description\":\"Tor Global continues to add new projects to its deep-rooted experience in the sector. Visit the page for our completed projects.\",\"breadcrumb\":{\"@id\":\"https:\/\/torglobal.com.tr\/en\/completed-projects\/#breadcrumb\"},\"inLanguage\":\"en-US\",\"potentialAction\":[{\"@type\":\"ReadAction\",\"target\":[\"https:\/\/torglobal.com.tr\/en\/completed-projects\/\"]}]},{\"@type\":\"ImageObject\",\"inLanguage\":\"en-US\",\"@id\":\"https:\/\/torglobal.com.tr\/en\/completed-projects\/#primaryimage\",\"url\":\"https:\/\/torglobal.com.tr\/wp-content\/uploads\/2021\/05\/Outdoor13-scaled.jpg\",\"contentUrl\":\"https:\/\/torglobal.com.tr\/wp-content\/uploads\/2021\/05\/Outdoor13-scaled.jpg\",\"width\":2560,\"height\":1703},{\"@type\":\"BreadcrumbList\",\"@id\":\"https:\/\/torglobal.com.tr\/en\/completed-projects\/#breadcrumb\",\"itemListElement\":[{\"@type\":\"ListItem\",\"position\":1,\"name\":\"Anasayfa\",\"item\":\"https:\/\/torglobal.com.tr\/en\/\"},{\"@type\":\"ListItem\",\"position\":2,\"name\":\"Completed Projects\"}]},{\"@type\":\"WebSite\",\"@id\":\"https:\/\/torglobal.com.tr\/en\/#website\",\"url\":\"https:\/\/torglobal.com.tr\/en\/\",\"name\":\"Tor Global\",\"description\":\"\u0130n\u015faat, M\u00fcteahhitlik, Mimarl\u0131k, Proje\",\"potentialAction\":[{\"@type\":\"SearchAction\",\"target\":{\"@type\":\"EntryPoint\",\"urlTemplate\":\"https:\/\/torglobal.com.tr\/en\/?s={search_term_string}\"},\"query-input\":\"required name=search_term_string\"}],\"inLanguage\":\"en-US\"}]}<\/script>\n<!-- \/ Yoast SEO plugin. -->","yoast_head_json":{"title":"Completed Projects - Tor Global","description":"Tor Global continues to add new projects to its deep-rooted experience in the sector. Visit the page for our completed projects.","robots":{"index":"index","follow":"follow","max-snippet":"max-snippet:-1","max-image-preview":"max-image-preview:large","max-video-preview":"max-video-preview:-1"},"canonical":"https:\/\/torglobal.com.tr\/en\/completed-projects\/","og_locale":"en_US","og_type":"article","og_title":"Completed Projects - Tor Global","og_description":"Tor Global continues to add new projects to its deep-rooted experience in the sector. Visit the page for our completed projects.","og_url":"https:\/\/torglobal.com.tr\/en\/completed-projects\/","og_site_name":"Tor Global","article_publisher":"https:\/\/www.facebook.com\/toryapiofficial","article_modified_time":"2025-01-06T13:10:48+00:00","og_image":[{"url":"https:\/\/torglobal.com.tr\/wp-content\/uploads\/2021\/05\/Outdoor13-scaled.jpg"}],"twitter_card":"summary_large_image","twitter_misc":{"Est. reading time":"2 minutes"},"schema":{"@context":"https:\/\/schema.org","@graph":[{"@type":"WebPage","@id":"https:\/\/torglobal.com.tr\/en\/completed-projects\/","url":"https:\/\/torglobal.com.tr\/en\/completed-projects\/","name":"Completed Projects - Tor Global","isPartOf":{"@id":"https:\/\/torglobal.com.tr\/en\/#website"},"primaryImageOfPage":{"@id":"https:\/\/torglobal.com.tr\/en\/completed-projects\/#primaryimage"},"image":{"@id":"https:\/\/torglobal.com.tr\/en\/completed-projects\/#primaryimage"},"thumbnailUrl":"https:\/\/torglobal.com.tr\/wp-content\/uploads\/2021\/05\/Outdoor13-scaled.jpg","datePublished":"2023-02-08T13:06:49+00:00","dateModified":"2025-01-06T13:10:48+00:00","description":"Tor Global continues to add new projects to its deep-rooted experience in the sector. Visit the page for our completed projects.","breadcrumb":{"@id":"https:\/\/torglobal.com.tr\/en\/completed-projects\/#breadcrumb"},"inLanguage":"en-US","potentialAction":[{"@type":"ReadAction","target":["https:\/\/torglobal.com.tr\/en\/completed-projects\/"]}]},{"@type":"ImageObject","inLanguage":"en-US","@id":"https:\/\/torglobal.com.tr\/en\/completed-projects\/#primaryimage","url":"https:\/\/torglobal.com.tr\/wp-content\/uploads\/2021\/05\/Outdoor13-scaled.jpg","contentUrl":"https:\/\/torglobal.com.tr\/wp-content\/uploads\/2021\/05\/Outdoor13-scaled.jpg","width":2560,"height":1703},{"@type":"BreadcrumbList","@id":"https:\/\/torglobal.com.tr\/en\/completed-projects\/#breadcrumb","itemListElement":[{"@type":"ListItem","position":1,"name":"Anasayfa","item":"https:\/\/torglobal.com.tr\/en\/"},{"@type":"ListItem","position":2,"name":"Completed Projects"}]},{"@type":"WebSite","@id":"https:\/\/torglobal.com.tr\/en\/#website","url":"https:\/\/torglobal.com.tr\/en\/","name":"Tor Global","description":"\u0130n\u015faat, M\u00fcteahhitlik, Mimarl\u0131k, Proje","potentialAction":[{"@type":"SearchAction","target":{"@type":"EntryPoint","urlTemplate":"https:\/\/torglobal.com.tr\/en\/?s={search_term_string}"},"query-input":"required name=search_term_string"}],"inLanguage":"en-US"}]}},"_links":{"self":[{"href":"https:\/\/torglobal.com.tr\/en\/wp-json\/wp\/v2\/pages\/2717","targetHints":{"allow":["GET"]}}],"collection":[{"href":"https:\/\/torglobal.com.tr\/en\/wp-json\/wp\/v2\/pages"}],"about":[{"href":"https:\/\/torglobal.com.tr\/en\/wp-json\/wp\/v2\/types\/page"}],"author":[{"embeddable":true,"href":"https:\/\/torglobal.com.tr\/en\/wp-json\/wp\/v2\/users\/3"}],"replies":[{"embeddable":true,"href":"https:\/\/torglobal.com.tr\/en\/wp-json\/wp\/v2\/comments?post=2717"}],"version-history":[{"count":10,"href":"https:\/\/torglobal.com.tr\/en\/wp-json\/wp\/v2\/pages\/2717\/revisions"}],"predecessor-version":[{"id":3104,"href":"https:\/\/torglobal.com.tr\/en\/wp-json\/wp\/v2\/pages\/2717\/revisions\/3104"}],"wp:attachment":[{"href":"https:\/\/torglobal.com.tr\/en\/wp-json\/wp\/v2\/media?parent=2717"}],"curies":[{"name":"wp","href":"https:\/\/api.w.org\/{rel}","templated":true}]}}