{"id":2699,"date":"2021-04-28T04:06:52","date_gmt":"2021-04-28T01:06:52","guid":{"rendered":"https:\/\/torglobal.com.tr\/contact\/"},"modified":"2025-01-09T14:08:34","modified_gmt":"2025-01-09T11:08:34","slug":"contact","status":"publish","type":"page","link":"https:\/\/torglobal.com.tr\/en\/contact\/","title":{"rendered":"Contact"},"content":{"rendered":"\t\t<div data-elementor-type=\"wp-page\" data-elementor-id=\"2699\" class=\"elementor elementor-2699 elementor-22\">\n\t\t\t\t\t\t<section class=\"elementor-section elementor-top-section elementor-element elementor-element-5bc2ff6 elementor-section-full_width elementor-section-height-default elementor-section-height-default\" data-id=\"5bc2ff6\" data-element_type=\"section\">\n\t\t\t\t\t\t<div class=\"elementor-container elementor-column-gap-no\">\n\t\t\t\t\t<div class=\"elementor-column elementor-col-100 elementor-top-column elementor-element elementor-element-5e49fcd\" data-id=\"5e49fcd\" data-element_type=\"column\">\n\t\t\t<div class=\"elementor-widget-wrap elementor-element-populated\">\n\t\t\t\t\t\t<div class=\"elementor-element elementor-element-f3cb433 elementor-widget elementor-widget-os-map\" data-id=\"f3cb433\" data-element_type=\"widget\" data-widget_type=\"os-map.default\">\n\t\t\t\t<div class=\"elementor-widget-container\">\n\t\t\t\n        <div class=\"os-map os-map-shortcode\" data-map=\"{&quot;center_latitude&quot;:&quot;41.01682060282975&quot;,&quot;center_longitude&quot;:&quot;28.682104696427665&quot;,&quot;zoom&quot;:16,&quot;maxZoom&quot;:18,&quot;popupMaxWidth&quot;:290,&quot;scrollwheel&quot;:false,&quot;zoomControl&quot;:true,&quot;mapTypeControl&quot;:true,&quot;scaleControl&quot;:true,&quot;streetViewControl&quot;:true,&quot;rotateControl&quot;:true,&quot;fullscreenControl&quot;:true,&quot;locations&quot;:[{&quot;_id&quot;:&quot;7db4767&quot;,&quot;latitude&quot;:&quot;41.01682060282975&quot;,&quot;longitude&quot;:&quot;28.682104696427665&quot;,&quot;title&quot;:&quot;Tor Yap\\u0131&quot;,&quot;description&quot;:&quot;&quot;}]}\"><\/div>\n\n        \t\t<\/div>\n\t\t\t\t<\/div>\n\t\t\t\t\t<\/div>\n\t\t<\/div>\n\t\t\t\t\t<\/div>\n\t\t<\/section>\n\t\t\t\t<section class=\"elementor-section elementor-top-section elementor-element elementor-element-ab9d0ae elementor-section-os-boxed elementor-section-height-default elementor-section-height-default\" data-id=\"ab9d0ae\" data-element_type=\"section\">\n\t\t\t\t\t\t<div class=\"elementor-container elementor-column-gap-30\">\n\t\t\t\t\t<div class=\"elementor-column elementor-col-50 elementor-top-column elementor-element elementor-element-854c314\" data-id=\"854c314\" data-element_type=\"column\">\n\t\t\t<div class=\"elementor-widget-wrap elementor-element-populated\">\n\t\t\t\t\t\t<div class=\"elementor-element elementor-element-97aa90c elementor-widget elementor-widget-heading\" data-id=\"97aa90c\" data-element_type=\"widget\" data-widget_type=\"heading.default\">\n\t\t\t\t<div class=\"elementor-widget-container\">\n\t\t\t<style>\/*! elementor - v3.20.0 - 13-03-2024 *\/\n.elementor-heading-title{padding:0;margin:0;line-height:1}.elementor-widget-heading .elementor-heading-title[class*=elementor-size-]>a{color:inherit;font-size:inherit;line-height:inherit}.elementor-widget-heading .elementor-heading-title.elementor-size-small{font-size:15px}.elementor-widget-heading .elementor-heading-title.elementor-size-medium{font-size:19px}.elementor-widget-heading .elementor-heading-title.elementor-size-large{font-size:29px}.elementor-widget-heading .elementor-heading-title.elementor-size-xl{font-size:39px}.elementor-widget-heading .elementor-heading-title.elementor-size-xxl{font-size:59px}<\/style><span class=\"elementor-heading-title elementor-size-default\">Get in touch<\/span>\t\t<\/div>\n\t\t\t\t<\/div>\n\t\t\t\t<div class=\"elementor-element elementor-element-6fcb66b elementor-widget elementor-widget-heading\" data-id=\"6fcb66b\" data-element_type=\"widget\" data-widget_type=\"heading.default\">\n\t\t\t\t<div class=\"elementor-widget-container\">\n\t\t\t<h2 class=\"elementor-heading-title elementor-size-default\">Contact us<\/h2>\t\t<\/div>\n\t\t\t\t<\/div>\n\t\t\t\t<div class=\"elementor-element elementor-element-91a24aa elementor-widget elementor-widget-text-editor\" data-id=\"91a24aa\" data-element_type=\"widget\" data-widget_type=\"text-editor.default\">\n\t\t\t\t<div class=\"elementor-widget-container\">\n\t\t\t<style>\/*! elementor - v3.20.0 - 13-03-2024 *\/\n.elementor-widget-text-editor.elementor-drop-cap-view-stacked .elementor-drop-cap{background-color:#69727d;color:#fff}.elementor-widget-text-editor.elementor-drop-cap-view-framed .elementor-drop-cap{color:#69727d;border:3px solid;background-color:transparent}.elementor-widget-text-editor:not(.elementor-drop-cap-view-default) .elementor-drop-cap{margin-top:8px}.elementor-widget-text-editor:not(.elementor-drop-cap-view-default) .elementor-drop-cap-letter{width:1em;height:1em}.elementor-widget-text-editor .elementor-drop-cap{float:left;text-align:center;line-height:1;font-size:50px}.elementor-widget-text-editor .elementor-drop-cap-letter{display:inline-block}<\/style>\t\t\t\t<div class=\"flex max-w-full flex-col flex-grow\"><div class=\"min-h-8 text-message flex w-full flex-col items-end gap-2 whitespace-normal break-words text-start [.text-message+&amp;]:mt-5\" dir=\"auto\" data-message-author-role=\"assistant\" data-message-id=\"9d58b389-2b9e-4560-8397-8245bee6bab6\" data-message-model-slug=\"gpt-4o\"><div class=\"flex w-full flex-col gap-1 empty:hidden first:pt-[3px]\"><div class=\"markdown prose w-full break-words dark:prose-invert light\"><p>Feel free to contact us for project updates and collaboration opportunities.<\/p><\/div><\/div><\/div><\/div><div class=\"mb-2 flex gap-3 empty:hidden -ml-2\"><div class=\"items-center justify-start rounded-xl p-1 flex\"><div class=\"flex items-center\"><div class=\"flex\">\u00a0<\/div><div class=\"flex items-center pb-0\">\u00a0<\/div><\/div><\/div><\/div>\t\t\t\t\t\t<\/div>\n\t\t\t\t<\/div>\n\t\t\t\t<div class=\"elementor-element elementor-element-beee04f elementor-widget elementor-widget-heading\" data-id=\"beee04f\" data-element_type=\"widget\" data-widget_type=\"heading.default\">\n\t\t\t\t<div class=\"elementor-widget-container\">\n\t\t\t<h6 class=\"elementor-heading-title elementor-size-default\">HQ Info<\/h6>\t\t<\/div>\n\t\t\t\t<\/div>\n\t\t\t\t<div class=\"elementor-element elementor-element-694ef88 elementor-widget__width-initial elementor-widget-mobile__width-inherit elementor-icon-list--layout-traditional elementor-list-item-link-full_width elementor-widget elementor-widget-icon-list\" data-id=\"694ef88\" data-element_type=\"widget\" data-widget_type=\"icon-list.default\">\n\t\t\t\t<div class=\"elementor-widget-container\">\n\t\t\t<link rel=\"stylesheet\" href=\"https:\/\/torglobal.com.tr\/wp-content\/plugins\/elementor\/assets\/css\/widget-icon-list.min.css\">\t\t<ul class=\"elementor-icon-list-items\">\n\t\t\t\t\t\t\t<li class=\"elementor-icon-list-item\">\n\t\t\t\t\t\t\t\t\t\t\t<a href=\"https:\/\/goo.gl\/maps\/5wAjBYnbgofh1HRE7\">\n\n\t\t\t\t\t\t\t\t\t\t\t\t<span class=\"elementor-icon-list-icon\">\n\t\t\t\t\t\t\t<i aria-hidden=\"true\" class=\"fas fa-map-marker-alt\"><\/i>\t\t\t\t\t\t<\/span>\n\t\t\t\t\t\t\t\t\t\t<span class=\"elementor-icon-list-text\">Adile Na\u015fit Blv. Aris Grand Tower No: 312 Esenyurt \/ IST<\/span>\n\t\t\t\t\t\t\t\t\t\t\t<\/a>\n\t\t\t\t\t\t\t\t\t<\/li>\n\t\t\t\t\t\t\t\t<li class=\"elementor-icon-list-item\">\n\t\t\t\t\t\t\t\t\t\t\t<span class=\"elementor-icon-list-icon\">\n\t\t\t\t\t\t\t<i aria-hidden=\"true\" class=\"far fa-envelope\"><\/i>\t\t\t\t\t\t<\/span>\n\t\t\t\t\t\t\t\t\t\t<span class=\"elementor-icon-list-text\">info@torglobal.com.tr<\/span>\n\t\t\t\t\t\t\t\t\t<\/li>\n\t\t\t\t\t\t\t\t<li class=\"elementor-icon-list-item\">\n\t\t\t\t\t\t\t\t\t\t\t<a href=\"tel:00902129457900\">\n\n\t\t\t\t\t\t\t\t\t\t\t\t<span class=\"elementor-icon-list-icon\">\n\t\t\t\t\t\t\t<i aria-hidden=\"true\" class=\"fas fa-phone-alt\"><\/i>\t\t\t\t\t\t<\/span>\n\t\t\t\t\t\t\t\t\t\t<span class=\"elementor-icon-list-text\">+90 212 945 79 00<\/span>\n\t\t\t\t\t\t\t\t\t\t\t<\/a>\n\t\t\t\t\t\t\t\t\t<\/li>\n\t\t\t\t\t\t<\/ul>\n\t\t\t\t<\/div>\n\t\t\t\t<\/div>\n\t\t\t\t\t<\/div>\n\t\t<\/div>\n\t\t\t\t<div class=\"elementor-column elementor-col-50 elementor-top-column elementor-element elementor-element-a88b62e\" data-id=\"a88b62e\" data-element_type=\"column\">\n\t\t\t<div class=\"elementor-widget-wrap elementor-element-populated\">\n\t\t\t\t\t\t<section class=\"elementor-section elementor-inner-section elementor-element elementor-element-73913d0 elementor-section-full_width elementor-section-height-default elementor-section-height-default\" data-id=\"73913d0\" data-element_type=\"section\">\n\t\t\t\t\t\t<div class=\"elementor-container elementor-column-gap-no\">\n\t\t\t\t\t<div class=\"elementor-column elementor-col-100 elementor-inner-column elementor-element elementor-element-8ced916\" data-id=\"8ced916\" data-element_type=\"column\">\n\t\t\t<div class=\"elementor-widget-wrap elementor-element-populated\">\n\t\t\t\t\t\t<div class=\"elementor-element elementor-element-b4454b6 elementor-widget elementor-widget-os-contact-form7\" data-id=\"b4454b6\" data-element_type=\"widget\" data-widget_type=\"os-contact-form7.default\">\n\t\t\t\t<div class=\"elementor-widget-container\">\n\t\t\t\n        <div class=\"os-wpcf7\">\n            \n<div class=\"wpcf7 no-js\" id=\"wpcf7-f2732-o1\" lang=\"en-US\" dir=\"ltr\">\n<div class=\"screen-reader-response\"><p role=\"status\" aria-live=\"polite\" aria-atomic=\"true\"><\/p> <ul><\/ul><\/div>\n<form action=\"\/en\/wp-json\/wp\/v2\/pages\/2699#wpcf7-f2732-o1\" method=\"post\" class=\"wpcf7-form init\" aria-label=\"Contact form\" novalidate=\"novalidate\" data-status=\"init\">\n<div style=\"display: none;\">\n<input type=\"hidden\" name=\"_wpcf7\" value=\"2732\" \/>\n<input type=\"hidden\" name=\"_wpcf7_version\" value=\"5.9.2\" \/>\n<input type=\"hidden\" name=\"_wpcf7_locale\" value=\"en_US\" \/>\n<input type=\"hidden\" name=\"_wpcf7_unit_tag\" value=\"wpcf7-f2732-o1\" \/>\n<input type=\"hidden\" name=\"_wpcf7_container_post\" value=\"0\" \/>\n<input type=\"hidden\" name=\"_wpcf7_posted_data_hash\" value=\"\" \/>\n<\/div>\n<p><span class=\"wpcf7-form-control-wrap\" data-name=\"Proje\"><select class=\"wpcf7-form-control wpcf7-select wpcf7-validates-as-required\" aria-required=\"true\" aria-invalid=\"false\" name=\"Proje\"><option value=\"Please select a project\">Please select a project<\/option><option value=\"Tor Finance City\">Tor Finance City<\/option><option value=\"Tor Thermal\">Tor Thermal<\/option><option value=\"Tor Beylikd\u00fcz\u00fc\">Tor Beylikd\u00fcz\u00fc<\/option><option value=\"Other\">Other<\/option><\/select><\/span>\n<\/p>\n<div class=\"col-12\">\n\t<p><span class=\"wpcf7-form-control-wrap\" data-name=\"your-name\"><input size=\"40\" class=\"wpcf7-form-control wpcf7-text wpcf7-validates-as-required\" aria-required=\"true\" aria-invalid=\"false\" placeholder=\"Full Name\" value=\"\" type=\"text\" name=\"your-name\" \/><\/span>\n\t<\/p>\n<\/div>\n<div class=\"col-12\">\n\t<p><span class=\"wpcf7-form-control-wrap\" data-name=\"your-email\"><input size=\"40\" class=\"wpcf7-form-control wpcf7-email wpcf7-validates-as-required wpcf7-text wpcf7-validates-as-email\" aria-required=\"true\" aria-invalid=\"false\" placeholder=\"E-Mail\" value=\"\" type=\"email\" name=\"your-email\" \/><\/span>\n\t<\/p>\n<\/div>\n<div class=\"col-12\">\n\t<p><span class=\"wpcf7-form-control-wrap\" data-name=\"tel-129\"><input size=\"40\" class=\"wpcf7-form-control wpcf7-tel wpcf7-text wpcf7-validates-as-tel\" aria-invalid=\"false\" placeholder=\"Phone Number\" value=\"\" type=\"tel\" name=\"tel-129\" \/><\/span>\n\t<\/p>\n<\/div>\n<div class=\"col-12\">\n\t<p><span class=\"wpcf7-form-control-wrap\" data-name=\"your-message\"><textarea cols=\"40\" rows=\"6\" class=\"wpcf7-form-control wpcf7-textarea\" aria-invalid=\"false\" placeholder=\"Message\" name=\"your-message\"><\/textarea><\/span>\n\t<\/p>\n<\/div>\n<div class=\"col-12\">\n\t<p><button class=\"-btn -btn--primary -btn--second-primary-hover -btn--circle -btn--x-large -btn-icon-right\">Send <svg width=\"6\" viewBox=\"0 0 6 10\" fill=\"white\" xmlns=\"http:\/\/www.w3.org\/2000\/svg\"><path d=\"M1.05189 10L0 8.94588L3.9429 5L0 1.05412L1.05487 0L4.99478 3.94588C5.2743 4.22548 5.43132 4.60465 5.43132 5C5.43132 5.39535 5.2743 5.77452 4.99478 6.05412L1.05189 10Z\"\/><\/svg><\/button>\n\t<\/p>\n<\/div>\n<div class=\"wpcf7-response-output\" aria-hidden=\"true\"><\/div>\n<\/form>\n<\/div>\n        <\/div>\n\n        \t\t<\/div>\n\t\t\t\t<\/div>\n\t\t\t\t\t<\/div>\n\t\t<\/div>\n\t\t\t\t\t<\/div>\n\t\t<\/section>\n\t\t\t\t\t<\/div>\n\t\t<\/div>\n\t\t\t\t\t<\/div>\n\t\t<\/section>\n\t\t\t\t<section class=\"elementor-section elementor-top-section elementor-element elementor-element-efc0a4a elementor-section-boxed elementor-section-height-default elementor-section-height-default\" data-id=\"efc0a4a\" data-element_type=\"section\">\n\t\t\t\t\t\t<div class=\"elementor-container elementor-column-gap-default\">\n\t\t\t\t\t<div class=\"elementor-column elementor-col-100 elementor-top-column elementor-element elementor-element-3ee5228\" data-id=\"3ee5228\" data-element_type=\"column\">\n\t\t\t<div class=\"elementor-widget-wrap\">\n\t\t\t\t\t\t\t<\/div>\n\t\t<\/div>\n\t\t\t\t\t<\/div>\n\t\t<\/section>\n\t\t\t\t<\/div>\n\t\t","protected":false},"excerpt":{"rendered":"<p>Get in touch Contact us Feel free to contact us for project updates and collaboration opportunities. \u00a0\u00a0 HQ Info Adile Na\u015fit Blv. Aris Grand Tower No: 312 Esenyurt \/ IST info@torglobal.com.tr +90 212 945 79 00 L\u00fctfen proje se\u00e7inizTor Finance CityTor ThermalTor Beylikd\u00fcz\u00fcDi\u011fer G\u00f6nder<\/p>\n","protected":false},"author":1,"featured_media":0,"parent":0,"menu_order":0,"comment_status":"closed","ping_status":"closed","template":"templates\/page-elementor.php","meta":{"footnotes":""},"class_list":["post-2699","page","type-page","status-publish","hentry"],"yoast_head":"<!-- This site is optimized with the Yoast SEO plugin v22.2 - https:\/\/yoast.com\/wordpress\/plugins\/seo\/ -->\n<title>Contact - Tor Global<\/title>\n<meta name=\"description\" content=\"Contact Tor Global&#039;s professional teams and sales experts for more information and support.\" \/>\n<meta name=\"robots\" content=\"index, follow, max-snippet:-1, max-image-preview:large, max-video-preview:-1\" \/>\n<link rel=\"canonical\" href=\"https:\/\/torglobal.com.tr\/en\/contact\/\" \/>\n<meta property=\"og:locale\" content=\"en_US\" \/>\n<meta property=\"og:type\" content=\"article\" \/>\n<meta property=\"og:title\" content=\"Contact - Tor Global\" \/>\n<meta property=\"og:description\" content=\"Contact Tor Global&#039;s professional teams and sales experts for more information and support.\" \/>\n<meta property=\"og:url\" content=\"https:\/\/torglobal.com.tr\/en\/contact\/\" \/>\n<meta property=\"og:site_name\" content=\"Tor Global\" \/>\n<meta property=\"article:publisher\" content=\"https:\/\/www.facebook.com\/toryapiofficial\" \/>\n<meta property=\"article:modified_time\" content=\"2025-01-09T11:08:34+00:00\" \/>\n<meta name=\"twitter:card\" content=\"summary_large_image\" \/>\n<meta name=\"twitter:label1\" content=\"Est. reading time\" \/>\n\t<meta name=\"twitter:data1\" content=\"1 minute\" \/>\n<script type=\"application\/ld+json\" class=\"yoast-schema-graph\">{\"@context\":\"https:\/\/schema.org\",\"@graph\":[{\"@type\":\"WebPage\",\"@id\":\"https:\/\/torglobal.com.tr\/en\/contact\/\",\"url\":\"https:\/\/torglobal.com.tr\/en\/contact\/\",\"name\":\"Contact - Tor Global\",\"isPartOf\":{\"@id\":\"https:\/\/torglobal.com.tr\/en\/#website\"},\"datePublished\":\"2021-04-28T01:06:52+00:00\",\"dateModified\":\"2025-01-09T11:08:34+00:00\",\"description\":\"Contact Tor Global's professional teams and sales experts for more information and support.\",\"breadcrumb\":{\"@id\":\"https:\/\/torglobal.com.tr\/en\/contact\/#breadcrumb\"},\"inLanguage\":\"en-US\",\"potentialAction\":[{\"@type\":\"ReadAction\",\"target\":[\"https:\/\/torglobal.com.tr\/en\/contact\/\"]}]},{\"@type\":\"BreadcrumbList\",\"@id\":\"https:\/\/torglobal.com.tr\/en\/contact\/#breadcrumb\",\"itemListElement\":[{\"@type\":\"ListItem\",\"position\":1,\"name\":\"Anasayfa\",\"item\":\"https:\/\/torglobal.com.tr\/en\/\"},{\"@type\":\"ListItem\",\"position\":2,\"name\":\"Contact\"}]},{\"@type\":\"WebSite\",\"@id\":\"https:\/\/torglobal.com.tr\/en\/#website\",\"url\":\"https:\/\/torglobal.com.tr\/en\/\",\"name\":\"Tor Global\",\"description\":\"\u0130n\u015faat, M\u00fcteahhitlik, Mimarl\u0131k, Proje\",\"potentialAction\":[{\"@type\":\"SearchAction\",\"target\":{\"@type\":\"EntryPoint\",\"urlTemplate\":\"https:\/\/torglobal.com.tr\/en\/?s={search_term_string}\"},\"query-input\":\"required name=search_term_string\"}],\"inLanguage\":\"en-US\"}]}<\/script>\n<!-- \/ Yoast SEO plugin. -->","yoast_head_json":{"title":"Contact - Tor Global","description":"Contact Tor Global's professional teams and sales experts for more information and support.","robots":{"index":"index","follow":"follow","max-snippet":"max-snippet:-1","max-image-preview":"max-image-preview:large","max-video-preview":"max-video-preview:-1"},"canonical":"https:\/\/torglobal.com.tr\/en\/contact\/","og_locale":"en_US","og_type":"article","og_title":"Contact - Tor Global","og_description":"Contact Tor Global's professional teams and sales experts for more information and support.","og_url":"https:\/\/torglobal.com.tr\/en\/contact\/","og_site_name":"Tor Global","article_publisher":"https:\/\/www.facebook.com\/toryapiofficial","article_modified_time":"2025-01-09T11:08:34+00:00","twitter_card":"summary_large_image","twitter_misc":{"Est. reading time":"1 minute"},"schema":{"@context":"https:\/\/schema.org","@graph":[{"@type":"WebPage","@id":"https:\/\/torglobal.com.tr\/en\/contact\/","url":"https:\/\/torglobal.com.tr\/en\/contact\/","name":"Contact - Tor Global","isPartOf":{"@id":"https:\/\/torglobal.com.tr\/en\/#website"},"datePublished":"2021-04-28T01:06:52+00:00","dateModified":"2025-01-09T11:08:34+00:00","description":"Contact Tor Global's professional teams and sales experts for more information and support.","breadcrumb":{"@id":"https:\/\/torglobal.com.tr\/en\/contact\/#breadcrumb"},"inLanguage":"en-US","potentialAction":[{"@type":"ReadAction","target":["https:\/\/torglobal.com.tr\/en\/contact\/"]}]},{"@type":"BreadcrumbList","@id":"https:\/\/torglobal.com.tr\/en\/contact\/#breadcrumb","itemListElement":[{"@type":"ListItem","position":1,"name":"Anasayfa","item":"https:\/\/torglobal.com.tr\/en\/"},{"@type":"ListItem","position":2,"name":"Contact"}]},{"@type":"WebSite","@id":"https:\/\/torglobal.com.tr\/en\/#website","url":"https:\/\/torglobal.com.tr\/en\/","name":"Tor Global","description":"\u0130n\u015faat, M\u00fcteahhitlik, Mimarl\u0131k, Proje","potentialAction":[{"@type":"SearchAction","target":{"@type":"EntryPoint","urlTemplate":"https:\/\/torglobal.com.tr\/en\/?s={search_term_string}"},"query-input":"required name=search_term_string"}],"inLanguage":"en-US"}]}},"_links":{"self":[{"href":"https:\/\/torglobal.com.tr\/en\/wp-json\/wp\/v2\/pages\/2699","targetHints":{"allow":["GET"]}}],"collection":[{"href":"https:\/\/torglobal.com.tr\/en\/wp-json\/wp\/v2\/pages"}],"about":[{"href":"https:\/\/torglobal.com.tr\/en\/wp-json\/wp\/v2\/types\/page"}],"author":[{"embeddable":true,"href":"https:\/\/torglobal.com.tr\/en\/wp-json\/wp\/v2\/users\/1"}],"replies":[{"embeddable":true,"href":"https:\/\/torglobal.com.tr\/en\/wp-json\/wp\/v2\/comments?post=2699"}],"version-history":[{"count":34,"href":"https:\/\/torglobal.com.tr\/en\/wp-json\/wp\/v2\/pages\/2699\/revisions"}],"predecessor-version":[{"id":3202,"href":"https:\/\/torglobal.com.tr\/en\/wp-json\/wp\/v2\/pages\/2699\/revisions\/3202"}],"wp:attachment":[{"href":"https:\/\/torglobal.com.tr\/en\/wp-json\/wp\/v2\/media?parent=2699"}],"curies":[{"name":"wp","href":"https:\/\/api.w.org\/{rel}","templated":true}]}}